{"id":1394,"date":"2024-12-06T11:29:54","date_gmt":"2024-12-06T11:29:54","guid":{"rendered":"https:\/\/www.moeglichraum.ch\/?page_id=1394"},"modified":"2024-12-06T11:30:38","modified_gmt":"2024-12-06T11:30:38","slug":"datenschutzerklaerung","status":"publish","type":"page","link":"https:\/\/www.moeglichraum.ch\/index.php\/datenschutzerklaerung\/","title":{"rendered":"Datenschutzerkl\u00e4rung"},"content":{"rendered":"\t\t<div data-elementor-type=\"wp-page\" data-elementor-id=\"1394\" class=\"elementor elementor-1394\">\n\t\t\t\t<div class=\"elementor-element elementor-element-c1cc5ba e-flex e-con-boxed e-con e-parent\" data-id=\"c1cc5ba\" data-element_type=\"container\" data-e-type=\"container\">\n\t\t\t\t\t<div class=\"e-con-inner\">\n\t\t\t\t<div class=\"elementor-element elementor-element-73f5559 elementor-widget elementor-widget-text-editor\" data-id=\"73f5559\" data-element_type=\"widget\" data-e-type=\"widget\" data-widget_type=\"text-editor.default\">\n\t\t\t\t<div class=\"elementor-widget-container\">\n\t\t\t\t\t\t\t\t\t<p><br><\/p><div contenteditable=\"false\" style=\"outline: 0px; color: rgb(51, 51, 51); font-family: &quot;Libre Franklin&quot;, &quot;Helvetica Neue&quot;, helvetica, arial, sans-serif; font-size: 16px; font-style: normal; font-variant-ligatures: normal; font-variant-caps: normal; font-weight: 400; margin-top: 4rem;\"><h1 contenteditable=\"true\" aria-label=\"Titel hier eingeben\" role=\"textbox\" aria-multiline=\"true\" style=\"color: revert; font-size: 1.5rem; margin-right: auto; margin-bottom: 0.75em; margin-left: auto; line-height: 1.4; max-width: 674px; clear: both; word-break: break-word; white-space-collapse: preserve; min-width: 1px;\">Datenschutzerkl\u00e4rung<\/h1><\/div><div style=\"outline: 0px; display: flow-root; position: relative; user-select: none; color: rgb(51, 51, 51); font-family: &quot;Libre Franklin&quot;, &quot;Helvetica Neue&quot;, helvetica, arial, sans-serif; font-size: 16px; font-style: normal; font-variant-ligatures: normal; font-variant-caps: normal; font-weight: 400;\"><h2 role=\"document\" aria-multiline=\"true\" aria-label=\"Block: \u00dcberschrift\" data-block=\"c4afb854-96f3-4ef8-8482-d78b8a6cd7ac\" data-type=\"core\/heading\" data-title=\"\u00dcberschrift\" data-wp-block-attribute-key=\"content\" style=\"color: rgb(102, 102, 102); font-size: 1.25rem; margin-right: auto; margin-bottom: 0.75em; margin-left: auto; line-height: 1.4; max-width: 674px; clear: both; overflow-wrap: break-word; pointer-events: auto; position: relative; user-select: text; white-space-collapse: preserve; min-width: 1px;\">\ufeff<span data-rich-text-placeholder=\"\u00dcberschrift\" style=\"pointer-events: none; user-select: none;\"><\/span><\/h2><p role=\"document\" aria-multiline=\"true\" aria-label=\"Block: Absatz\" data-block=\"17e9b58b-6a61-4dcb-aa84-ba19754246bd\" data-type=\"core\/paragraph\" data-title=\"Absatz\" data-empty=\"false\" data-wp-block-attribute-key=\"content\" style=\"font-size: revert; line-height: revert; margin: 0px auto 1.5em; max-width: 674px; overflow-wrap: break-word; pointer-events: auto; position: relative; user-select: text; white-space-collapse: preserve; min-width: 1px;\">Die Website Adresse lautet: www.moeglichraum.ch<\/p><h2 role=\"document\" aria-multiline=\"true\" aria-label=\"Block: \u00dcberschrift\" data-block=\"47e572d2-047b-49d2-9dbf-ee92b064d68c\" data-type=\"core\/heading\" data-title=\"\u00dcberschrift\" data-wp-block-attribute-key=\"content\" style=\"color: rgb(102, 102, 102); font-size: 1.25rem; margin: 0px auto 0.75em; line-height: 1.4; max-width: 674px; clear: both; padding-top: 1.5em; overflow-wrap: break-word; pointer-events: auto; position: relative; user-select: text; white-space-collapse: preserve; min-width: 1px;\">Kommentare<\/h2><p role=\"document\" aria-multiline=\"true\" aria-label=\"Leerer Block; schreib los oder gib einen Schr\u00e4gstrich ein, um einen Block auszuw\u00e4hlen\" data-block=\"390b9618-0a10-4da1-a29d-61796c462a29\" data-type=\"core\/paragraph\" data-title=\"Absatz\" data-empty=\"true\" data-wp-block-attribute-key=\"content\" style=\"font-size: revert; line-height: revert; margin: 0px auto 1.5em; max-width: 674px; overflow-wrap: break-word; pointer-events: auto; position: relative; user-select: text; white-space-collapse: preserve; min-width: 1px;\">\ufeff<span data-rich-text-placeholder=\"Tippe \/, um einen Block auszuw\u00e4hlen\" style=\"pointer-events: none; opacity: 1; user-select: none;\"><\/span><\/p><p role=\"document\" aria-multiline=\"true\" aria-label=\"Block: Absatz\" data-block=\"cbc85133-c3aa-43d6-b551-a57c405f881f\" data-type=\"core\/paragraph\" data-title=\"Absatz\" data-empty=\"false\" data-wp-block-attribute-key=\"content\" style=\"font-size: revert; line-height: revert; margin: 0px auto 1.5em; max-width: 674px; overflow-wrap: break-word; pointer-events: auto; position: relative; user-select: text; white-space-collapse: preserve; min-width: 1px;\">Wenn Besucher Kommentare auf dieser Seite hinterlassen, sammeln wir die eingegebenen Daten und die IP Adresse der Besucher und den &#8220;browser user agent string&#8221;, um Spam identifizieren zu k\u00f6nnen.<\/p><p role=\"document\" aria-multiline=\"true\" aria-label=\"Block: Absatz\" data-block=\"68b245cf-949f-454f-bac9-1992e16aeafb\" data-type=\"core\/paragraph\" data-title=\"Absatz\" data-empty=\"false\" data-wp-block-attribute-key=\"content\" style=\"font-size: revert; line-height: revert; margin: 0px auto 1.5em; max-width: 674px; overflow-wrap: break-word; pointer-events: auto; position: relative; user-select: text; white-space-collapse: preserve; min-width: 1px;\">Gravatar Service<\/p><p role=\"document\" aria-multiline=\"true\" aria-label=\"Block: Absatz\" data-block=\"10d5673c-1adf-4f98-b243-b1627fb44652\" data-type=\"core\/paragraph\" data-title=\"Absatz\" data-empty=\"false\" data-wp-block-attribute-key=\"content\" style=\"font-size: revert; line-height: revert; margin: 0px auto 1.5em; max-width: 674px; overflow-wrap: break-word; pointer-events: auto; position: relative; user-select: text; white-space-collapse: preserve; min-width: 1px;\"><em>An anonymized string created from your email address (also called a hash) may be provided to the Gravatar service to see if you are using it. The Gravatar service privacy policy is available here: https:\/\/automattic.com\/privacy\/. After approval of your comment, your profile picture is visible to the public in the context of your comment.<\/em><\/p><h2 role=\"document\" aria-multiline=\"true\" aria-label=\"Block: \u00dcberschrift\" data-block=\"7cb4cd87-4465-4a89-805f-5814d60b2e50\" data-type=\"core\/heading\" data-title=\"\u00dcberschrift\" data-wp-block-attribute-key=\"content\" style=\"color: rgb(102, 102, 102); font-size: 1.25rem; margin: 0px auto 0.75em; line-height: 1.4; max-width: 674px; clear: both; padding-top: 1.5em; overflow-wrap: break-word; pointer-events: auto; position: relative; user-select: text; white-space-collapse: preserve; min-width: 1px;\">Medien<\/h2><p role=\"document\" aria-multiline=\"true\" aria-label=\"Block: Absatz\" data-block=\"ab5eb1a0-4cb8-40e6-b2b7-d1f7ea047304\" data-type=\"core\/paragraph\" data-title=\"Absatz\" data-empty=\"false\" data-wp-block-attribute-key=\"content\" style=\"font-size: revert; line-height: revert; margin: 0px auto 1.5em; max-width: 674px; overflow-wrap: break-word; pointer-events: auto; position: relative; user-select: text; white-space-collapse: preserve; min-width: 1px;\">Wenn Sie Bilder auf die Website hochladen, vermeiden Sie bitte Bilder mit eingebetteten Ortsangaben (EXIF GPS). Besucher k\u00f6nnen jede Ortsangabe von Bildern herunterladen und extrahieren.<\/p><h2 role=\"document\" aria-multiline=\"true\" aria-label=\"Block: \u00dcberschrift\" data-block=\"780d4735-b497-4a95-862f-7246275218ad\" data-type=\"core\/heading\" data-title=\"\u00dcberschrift\" data-wp-block-attribute-key=\"content\" style=\"color: rgb(102, 102, 102); font-size: 1.25rem; margin: 0px auto 0.75em; line-height: 1.4; max-width: 674px; clear: both; padding-top: 1.5em; overflow-wrap: break-word; pointer-events: auto; position: relative; user-select: text; white-space-collapse: preserve; min-width: 1px;\">Cookies<\/h2><p role=\"document\" aria-multiline=\"true\" aria-label=\"Block: Absatz\" data-block=\"e1287bd2-4a7f-4413-963e-4ca2abe366c2\" data-type=\"core\/paragraph\" data-title=\"Absatz\" data-empty=\"false\" data-wp-block-attribute-key=\"content\" style=\"font-size: revert; line-height: revert; margin: 0px auto 1.5em; max-width: 674px; overflow-wrap: break-word; pointer-events: auto; position: relative; user-select: text; white-space-collapse: preserve; min-width: 1px;\">Wenn Sie einen Kommentar hinterlassen, geben Sie Ihr Einverst\u00e4ndnis dass Ihr Name, Ihre E-mail Adresse und Ihre Website in Cookies gespeichert werden. Diese dienen Ihrem Komfort, so dass Sie nicht wieder alle Daten eingeben m\u00fcssen, wenn Sie das n\u00e4chste Mal einen Kommentar hinterlassen m\u00f6chten. Die Cookies sind f\u00fcr ein Jahr g\u00fcltig.<\/p><p role=\"document\" aria-multiline=\"true\" aria-label=\"Block: Absatz\" data-block=\"ee462306-4ce1-4330-ba6a-03dff6100ac6\" data-type=\"core\/paragraph\" data-title=\"Absatz\" data-empty=\"false\" data-wp-block-attribute-key=\"content\" style=\"font-size: revert; line-height: revert; margin: 0px auto 1.5em; max-width: 674px; overflow-wrap: break-word; pointer-events: auto; position: relative; user-select: text; white-space-collapse: preserve; min-width: 1px;\">Wenn Sie unsere Login Seite besuchen, werden wir ein tempor\u00e4res Cookie einsetzen, um festzustellen, ob Ihr Browser Cookies akzeptiert. Dieses Cookie enth\u00e4lt keine pers\u00f6nlichen Daten und wird gel\u00f6scht, wenn Sie den Browser schliessen.<\/p><p role=\"document\" aria-multiline=\"true\" aria-label=\"Block: Absatz\" data-block=\"ff8bb77a-b042-46ca-9d88-61aaf55a61a9\" data-type=\"core\/paragraph\" data-title=\"Absatz\" data-empty=\"false\" data-wp-block-attribute-key=\"content\" style=\"font-size: revert; line-height: revert; margin: 0px auto 1.5em; max-width: 674px; overflow-wrap: break-word; pointer-events: auto; position: relative; user-select: text; white-space-collapse: preserve; min-width: 1px;\">Wenn Sie sich einloggen, werden mehrere Cookies eingesetzt, um Ihre Login Informationen und Ihre Bildschirm Anzeigeeinstellungen zu speichern. Login cookies sind zwei Tage lang g\u00fcltig und Bildschirm Cookies sind f\u00fcr ein Jahr g\u00fcltig. Wenn Sie &#8220;Erinnere mich&#8221; ausw\u00e4hlen, der Login bleibt f\u00fcr zwei Wochen erhalten. Wenn Sie sich aus Ihrem Account ausloggen, wird das login Cookie gel\u00f6scht.<\/p><p role=\"document\" aria-multiline=\"true\" aria-label=\"Block: Absatz\" data-block=\"368779f4-a8dd-4cb8-9065-5ddfc40c1410\" data-type=\"core\/paragraph\" data-title=\"Absatz\" data-empty=\"false\" data-wp-block-attribute-key=\"content\" style=\"font-size: revert; line-height: revert; margin: 0px auto 1.5em; max-width: 674px; overflow-wrap: break-word; pointer-events: auto; position: relative; user-select: text; white-space-collapse: preserve; min-width: 1px;\">Wenn Sie einen Artikel ver\u00f6ffentlichen, wird ein weiteres Cookie in Ihrem Browser gespeichert. Dieses Cookie enth\u00e4lt keine pers\u00f6nlichen Daten und enth\u00e4lt nur die ID des Posts von Ihrem Artikel. Das Cookie erl\u00f6scht nach einem Tag.<\/p><h2 role=\"document\" aria-multiline=\"true\" aria-label=\"Block: \u00dcberschrift\" data-block=\"5b8cf814-4f4b-4f02-ac67-269db093b052\" data-type=\"core\/heading\" data-title=\"\u00dcberschrift\" data-wp-block-attribute-key=\"content\" style=\"color: rgb(102, 102, 102); font-size: 1.25rem; margin: 0px auto 0.75em; line-height: 1.4; max-width: 674px; clear: both; padding-top: 1.5em; overflow-wrap: break-word; pointer-events: auto; position: relative; user-select: text; white-space-collapse: preserve; min-width: 1px;\">Eingebettete Inhalte von anderen Webseiten<\/h2><p role=\"document\" aria-multiline=\"true\" aria-label=\"Block: Absatz\" data-block=\"de44d995-e551-474a-bdfa-81f6b36f8949\" data-type=\"core\/paragraph\" data-title=\"Absatz\" data-empty=\"false\" data-wp-block-attribute-key=\"content\" style=\"font-size: revert; line-height: revert; margin: 0px auto 1.5em; max-width: 674px; overflow-wrap: break-word; pointer-events: auto; position: relative; user-select: text; white-space-collapse: preserve; min-width: 1px;\">Artikel auf dieser Seite k\u00f6nnen eingebettete Inhalte von anderen Webseiten enthalten. Eingebettete inhalte benehmen sich in genau der gleichen Art und Weise, wie wenn Sie die andere Website besuchen<\/p><p role=\"document\" aria-multiline=\"true\" aria-label=\"Block: Absatz\" data-block=\"3cd87af0-4c69-43ff-8018-1652d61bacec\" data-type=\"core\/paragraph\" data-title=\"Absatz\" data-empty=\"false\" data-wp-block-attribute-key=\"content\" style=\"font-size: revert; line-height: revert; margin: 0px auto 1.5em; max-width: 674px; overflow-wrap: break-word; pointer-events: auto; position: relative; user-select: text; white-space-collapse: preserve; min-width: 1px;\">Diese eingebetteten Websites k\u00f6nnen Daten \u00fcber Sie sammeln, Cookies einsetzen oder Tracking durch Dritte. Sie k\u00f6nnten Ihre Interaktion mit dem eingebetten Inhalt \u00fcberwachen, wenn Sie einen Account haben und auf der Seite eingeloggt sind.<\/p><h2 role=\"document\" aria-multiline=\"true\" aria-label=\"Block: \u00dcberschrift\" data-block=\"da7ddba0-259b-49e6-be62-277da3c29ac7\" data-type=\"core\/heading\" data-title=\"\u00dcberschrift\" data-wp-block-attribute-key=\"content\" style=\"color: rgb(102, 102, 102); font-size: 1.25rem; margin: 0px auto 0.75em; line-height: 1.4; max-width: 674px; clear: both; padding-top: 1.5em; overflow-wrap: break-word; pointer-events: auto; position: relative; user-select: text; white-space-collapse: preserve; min-width: 1px;\">Mit wem wir Daten teilen<\/h2><p role=\"document\" aria-multiline=\"true\" aria-label=\"Block: Absatz\" data-block=\"a970a3a8-5766-4b7d-af26-8c0c1c140bd1\" data-type=\"core\/paragraph\" data-title=\"Absatz\" data-empty=\"false\" data-wp-block-attribute-key=\"content\" style=\"font-size: revert; line-height: revert; margin: 0px auto 1.5em; max-width: 674px; overflow-wrap: break-word; pointer-events: auto; position: relative; user-select: text; white-space-collapse: preserve; min-width: 1px;\">Wenn Sie eine Passwort R\u00fccksetzung w\u00fcnschen, wird Ihre IP Adresse in der E-mail zur R\u00fccksetzung beinhaltet sein.<\/p><h2 role=\"document\" aria-multiline=\"true\" aria-label=\"Block: \u00dcberschrift\" data-block=\"2950b5cc-6043-4069-a49d-51d50290278e\" data-type=\"core\/heading\" data-title=\"\u00dcberschrift\" data-wp-block-attribute-key=\"content\" style=\"color: rgb(102, 102, 102); font-size: 1.25rem; margin: 0px auto 0.75em; line-height: 1.4; max-width: 674px; clear: both; padding-top: 1.5em; overflow-wrap: break-word; pointer-events: auto; position: relative; user-select: text; white-space-collapse: preserve; min-width: 1px;\">Wie lange werden Ihre Daten gespeichert?<\/h2><p role=\"document\" aria-multiline=\"true\" aria-label=\"Block: Absatz\" data-block=\"065cd9be-8de0-45ef-a023-59614ec22fa6\" data-type=\"core\/paragraph\" data-title=\"Absatz\" data-empty=\"false\" data-wp-block-attribute-key=\"content\" style=\"font-size: revert; line-height: revert; margin: 0px auto 1.5em; max-width: 674px; overflow-wrap: break-word; pointer-events: auto; position: relative; user-select: text; white-space-collapse: preserve; min-width: 1px;\">Wenn Sie einen Kommentar hinterlassen, werden diese Daten und die Metadaten ohne Ablaufdatum gespeichert. Das ist, um nachfolgende Kommentare erkennen und genehmigen zu k\u00f6nnen, anstatt sie in einer Moderations &#8211; Wartereihe zu behalten.<\/p><p role=\"document\" aria-multiline=\"true\" aria-label=\"Block: Absatz\" data-block=\"bcb18370-3cda-4d38-b98a-00016bc28dff\" data-type=\"core\/paragraph\" data-title=\"Absatz\" data-empty=\"false\" data-wp-block-attribute-key=\"content\" style=\"font-size: revert; line-height: revert; margin: 0px auto 1.5em; max-width: 674px; overflow-wrap: break-word; pointer-events: auto; position: relative; user-select: text; white-space-collapse: preserve; min-width: 1px;\">Wenn sich Benutzer auf unserer Website registrieren, speichern wir die pers\u00f6nlichen Informationen, die sie angeben. Alle Nutzer k\u00f6nnen zu jeder Zeit ihre pers\u00f6nlichen Daten einsehen, editieren und l\u00f6schen. Ausnahme: Sie k\u00f6nnen den Nutzernamen nicht selbst \u00e4ndern. Website Administratoren k\u00f6nnen auch Nutzernamen sehen und editieren.<\/p><h2 role=\"document\" aria-multiline=\"true\" aria-label=\"Block: \u00dcberschrift\" data-block=\"559b41bd-0c57-4c13-9d4d-ce46a6577462\" data-type=\"core\/heading\" data-title=\"\u00dcberschrift\" data-wp-block-attribute-key=\"content\" style=\"color: rgb(102, 102, 102); font-size: 1.25rem; margin: 0px auto 0.75em; line-height: 1.4; max-width: 674px; clear: both; padding-top: 1.5em; overflow-wrap: break-word; pointer-events: auto; position: relative; user-select: text; white-space-collapse: preserve; min-width: 1px;\">Ihre Rechte \u00fcber Ihre Daten<\/h2><p role=\"document\" aria-multiline=\"true\" aria-label=\"Block: Absatz\" data-block=\"a575602c-46b4-4cd4-8509-d362c17fcd1a\" data-type=\"core\/paragraph\" data-title=\"Absatz\" data-empty=\"false\" data-wp-block-attribute-key=\"content\" style=\"font-size: revert; line-height: revert; margin: 0px auto 1.5em; max-width: 674px; overflow-wrap: break-word; pointer-events: auto; position: relative; user-select: text; white-space-collapse: preserve; min-width: 1px;\">Wenn Sie einen Account auf dieser Seite haben, oder Kommentare hinterlassen haben, haben Sie das Recht, eine exportierte Datei mit ihren pers\u00f6nlichen Daten, die wir gespeichert haben, anzufordern. Sie k\u00f6nnen ebenfalls fordern, dass wir Ihre pers\u00f6nlichen Daten l\u00f6schen. Dies beinhaltet nicht Daten, die wir behalten m\u00fcssen aufgrund von adminstrativen oder gesetzlichen Vorgaben, wie auch f\u00fcr Sicherheitsmassnahmen.<\/p><h2 role=\"document\" aria-multiline=\"true\" aria-label=\"Block: \u00dcberschrift\" data-block=\"f64f0a01-c2c3-4188-9968-d8c6aa6b4713\" data-type=\"core\/heading\" data-title=\"\u00dcberschrift\" data-wp-block-attribute-key=\"content\" style=\"color: rgb(102, 102, 102); font-size: 1.25rem; margin: 0px auto 0.75em; line-height: 1.4; max-width: 674px; clear: both; padding-top: 1.5em; overflow-wrap: break-word; pointer-events: auto; position: relative; user-select: text; white-space-collapse: preserve; min-width: 1px;\">Wohin Ihre Daten geschickt werden<\/h2><p role=\"document\" aria-multiline=\"true\" aria-label=\"Block: Absatz\" data-block=\"bbb7e516-1e9b-4b86-87af-e4339e3c3306\" data-type=\"core\/paragraph\" data-title=\"Absatz\" data-empty=\"false\" data-wp-block-attribute-key=\"content\" style=\"font-size: revert; line-height: revert; margin: 0px auto 1.5em; max-width: 674px; overflow-wrap: break-word; pointer-events: auto; position: relative; user-select: text; white-space-collapse: preserve; min-width: 1px;\">Kommentare k\u00f6nnen durch eine automatisierte Spam Detection Software gepr\u00fcft werden.<\/p><\/div>\t\t\t\t\t\t\t\t<\/div>\n\t\t\t\t<\/div>\n\t\t\t\t\t<\/div>\n\t\t\t\t<\/div>\n\t\t\t\t<\/div>\n\t\t","protected":false},"excerpt":{"rendered":"<p>Datenschutzerkl\u00e4rung \ufeff Die Website Adresse lautet: www.moeglichraum.ch Kommentare \ufeff Wenn Besucher Kommentare auf dieser Seite hinterlassen, sammeln wir die eingegebenen Daten und die IP Adresse der Besucher und den &#8220;browser user agent string&#8221;, um Spam identifizieren zu k\u00f6nnen. Gravatar Service &hellip;<\/p>\n<p class=\"read-more\"> <a class=\"more-link\" href=\"https:\/\/www.moeglichraum.ch\/index.php\/datenschutzerklaerung\/\"> <span class=\"screen-reader-text\">Datenschutzerkl\u00e4rung<\/span> Weiterlesen &raquo;<\/a><\/p>\n","protected":false},"author":1,"featured_media":0,"parent":0,"menu_order":0,"comment_status":"closed","ping_status":"closed","template":"","meta":{"footnotes":""},"class_list":["post-1394","page","type-page","status-publish","hentry"],"featured_image_src":"","featured_image_src_square":false,"rbea_author_info":{"display_name":"Andreas","author_link":"https:\/\/www.moeglichraum.ch\/index.php\/author\/admin\/"},"rbea_excerpt_info":"Datenschutzerkl\u00e4rung \ufeff Die Website Adresse lautet: www.moeglichraum.ch Kommentare \ufeff Wenn Besucher Kommentare auf dieser Seite hinterlassen, sammeln wir die eingegebenen Daten und die IP Adresse der Besucher und den &#8220;browser user agent string&#8221;, um Spam identifizieren zu k\u00f6nnen. Gravatar Service &hellip;<p class=\"read-more\"> <a class=\"more-link\" href=\"https:\/\/www.moeglichraum.ch\/index.php\/datenschutzerklaerung\/\"> <span class=\"screen-reader-text\">Datenschutzerkl\u00e4rung<\/span> Weiterlesen &raquo;<\/a><\/p>","_links":{"self":[{"href":"https:\/\/www.moeglichraum.ch\/index.php\/wp-json\/wp\/v2\/pages\/1394","targetHints":{"allow":["GET"]}}],"collection":[{"href":"https:\/\/www.moeglichraum.ch\/index.php\/wp-json\/wp\/v2\/pages"}],"about":[{"href":"https:\/\/www.moeglichraum.ch\/index.php\/wp-json\/wp\/v2\/types\/page"}],"author":[{"embeddable":true,"href":"https:\/\/www.moeglichraum.ch\/index.php\/wp-json\/wp\/v2\/users\/1"}],"replies":[{"embeddable":true,"href":"https:\/\/www.moeglichraum.ch\/index.php\/wp-json\/wp\/v2\/comments?post=1394"}],"version-history":[{"count":4,"href":"https:\/\/www.moeglichraum.ch\/index.php\/wp-json\/wp\/v2\/pages\/1394\/revisions"}],"predecessor-version":[{"id":1398,"href":"https:\/\/www.moeglichraum.ch\/index.php\/wp-json\/wp\/v2\/pages\/1394\/revisions\/1398"}],"wp:attachment":[{"href":"https:\/\/www.moeglichraum.ch\/index.php\/wp-json\/wp\/v2\/media?parent=1394"}],"curies":[{"name":"wp","href":"https:\/\/api.w.org\/{rel}","templated":true}]}}