{"id":515,"date":"2023-12-22T09:49:59","date_gmt":"2023-12-22T09:49:59","guid":{"rendered":"https:\/\/ccreadysites.cyberchimps.com\/corporate-business\/?page_id=515"},"modified":"2024-11-27T09:09:01","modified_gmt":"2024-11-27T09:09:01","slug":"team","status":"publish","type":"page","link":"https:\/\/www.moeglichraum.ch\/index.php\/team\/","title":{"rendered":"Team"},"content":{"rendered":"\t\t<div data-elementor-type=\"wp-page\" data-elementor-id=\"515\" class=\"elementor elementor-515\">\n\t\t\t\t\t\t<section class=\"elementor-section elementor-top-section elementor-element elementor-element-391560f elementor-section-boxed elementor-section-height-default elementor-section-height-default\" data-id=\"391560f\" data-element_type=\"section\" data-e-type=\"section\" data-settings=\"{&quot;background_background&quot;:&quot;classic&quot;}\">\n\t\t\t\t\t\t\t<div class=\"elementor-background-overlay\"><\/div>\n\t\t\t\t\t\t\t<div class=\"elementor-container elementor-column-gap-default\">\n\t\t\t\t\t<div class=\"elementor-column elementor-col-100 elementor-top-column elementor-element elementor-element-e2fd8d7\" data-id=\"e2fd8d7\" data-element_type=\"column\" data-e-type=\"column\">\n\t\t\t<div class=\"elementor-widget-wrap elementor-element-populated\">\n\t\t\t\t\t\t<div class=\"elementor-element elementor-element-30f49dd elementor-widget elementor-widget-heading\" data-id=\"30f49dd\" data-element_type=\"widget\" data-e-type=\"widget\" data-widget_type=\"heading.default\">\n\t\t\t\t<div class=\"elementor-widget-container\">\n\t\t\t\t\t<h2 class=\"elementor-heading-title elementor-size-default\">\u00dcber uns<\/h2>\t\t\t\t<\/div>\n\t\t\t\t<\/div>\n\t\t\t\t<div class=\"elementor-element elementor-element-4282bd2 elementor-widget elementor-widget-heading\" data-id=\"4282bd2\" data-element_type=\"widget\" data-e-type=\"widget\" data-widget_type=\"heading.default\">\n\t\t\t\t<div class=\"elementor-widget-container\">\n\t\t\t\t\t<h2 class=\"elementor-heading-title elementor-size-default\">Wir stellen uns kurz vor<\/h2>\t\t\t\t<\/div>\n\t\t\t\t<\/div>\n\t\t\t\t\t<\/div>\n\t\t<\/div>\n\t\t\t\t\t<\/div>\n\t\t<\/section>\n\t\t\t\t<section class=\"elementor-section elementor-top-section elementor-element elementor-element-d728333 elementor-section-boxed elementor-section-height-default elementor-section-height-default\" data-id=\"d728333\" data-element_type=\"section\" data-e-type=\"section\" data-settings=\"{&quot;background_background&quot;:&quot;classic&quot;}\">\n\t\t\t\t\t\t<div class=\"elementor-container elementor-column-gap-default\">\n\t\t\t\t\t<div class=\"elementor-column elementor-col-50 elementor-top-column elementor-element elementor-element-05ec6e6\" data-id=\"05ec6e6\" data-element_type=\"column\" data-e-type=\"column\">\n\t\t\t<div class=\"elementor-widget-wrap elementor-element-populated\">\n\t\t\t\t<div class=\"elementor-element elementor-element-0ff2156 e-flex e-con-boxed e-con e-parent\" data-id=\"0ff2156\" data-element_type=\"container\" data-e-type=\"container\">\n\t\t\t\t\t<div class=\"e-con-inner\">\n\t\t\t\t<div class=\"elementor-element elementor-element-bc75416 elementor-widget elementor-widget-image\" data-id=\"bc75416\" data-element_type=\"widget\" data-e-type=\"widget\" data-widget_type=\"image.default\">\n\t\t\t\t<div class=\"elementor-widget-container\">\n\t\t\t\t\t\t\t\t\t\t\t\t\t\t\t<img fetchpriority=\"high\" decoding=\"async\" width=\"450\" height=\"338\" src=\"https:\/\/www.moeglichraum.ch\/wp-content\/uploads\/2024\/09\/Foto-BPW-450x338.jpg\" class=\"attachment-responsive-450 size-responsive-450 wp-image-1143\" alt=\"\" srcset=\"https:\/\/www.moeglichraum.ch\/wp-content\/uploads\/2024\/09\/Foto-BPW-450x338.jpg 450w, https:\/\/www.moeglichraum.ch\/wp-content\/uploads\/2024\/09\/Foto-BPW-300x225.jpg 300w, https:\/\/www.moeglichraum.ch\/wp-content\/uploads\/2024\/09\/Foto-BPW-768x576.jpg 768w, https:\/\/www.moeglichraum.ch\/wp-content\/uploads\/2024\/09\/Foto-BPW-100x75.jpg 100w, https:\/\/www.moeglichraum.ch\/wp-content\/uploads\/2024\/09\/Foto-BPW-150x113.jpg 150w, https:\/\/www.moeglichraum.ch\/wp-content\/uploads\/2024\/09\/Foto-BPW-200x150.jpg 200w, https:\/\/www.moeglichraum.ch\/wp-content\/uploads\/2024\/09\/Foto-BPW-600x450.jpg 600w, https:\/\/www.moeglichraum.ch\/wp-content\/uploads\/2024\/09\/Foto-BPW.jpg 800w\" sizes=\"(max-width: 450px) 100vw, 450px\" \/>\t\t\t\t\t\t\t\t\t\t\t\t\t\t\t<\/div>\n\t\t\t\t<\/div>\n\t\t\t\t\t<\/div>\n\t\t\t\t<\/div>\n\t\t\t\t\t<\/div>\n\t\t<\/div>\n\t\t\t\t<div class=\"elementor-column elementor-col-50 elementor-top-column elementor-element elementor-element-a742a2d\" data-id=\"a742a2d\" data-element_type=\"column\" data-e-type=\"column\">\n\t\t\t<div class=\"elementor-widget-wrap elementor-element-populated\">\n\t\t\t\t\t\t<div class=\"elementor-element elementor-element-af57b03 elementor-widget elementor-widget-heading\" data-id=\"af57b03\" data-element_type=\"widget\" data-e-type=\"widget\" data-widget_type=\"heading.default\">\n\t\t\t\t<div class=\"elementor-widget-container\">\n\t\t\t\t\t<h2 class=\"elementor-heading-title elementor-size-default\">Katja Stalder Kaiser<\/h2>\t\t\t\t<\/div>\n\t\t\t\t<\/div>\n\t\t\t\t<div class=\"elementor-element elementor-element-01c988a elementor-widget elementor-widget-text-editor\" data-id=\"01c988a\" data-element_type=\"widget\" data-e-type=\"widget\" data-widget_type=\"text-editor.default\">\n\t\t\t\t<div class=\"elementor-widget-container\">\n\t\t\t\t\t\t\t\t\t<p>Mit mir kannst du kreative und innovative Impulse erarbeiten und gestalten. Die Bewegung der Menschen und ihre Bed\u00fcrfnisse stehen im Zentrum. Kennt ihr diese voneinander und k\u00f6nnt ihr diese im Netzwerk\u00a0 gemeinsam nutzen und euer Potential entwicklen?<\/p><p>Zukunftsf\u00e4higes Gestalten integriert die Sache und die Menschen im Netzwerk. Bewegst du das eine, bewegst du auch die anderen. Wohin legst du deinen aktuellen Fokus?<\/p>\t\t\t\t\t\t\t\t<\/div>\n\t\t\t\t<\/div>\n\t\t\t\t\t<\/div>\n\t\t<\/div>\n\t\t\t\t\t<\/div>\n\t\t<\/section>\n\t\t\t\t<section class=\"elementor-section elementor-top-section elementor-element elementor-element-d5c2096 elementor-section-boxed elementor-section-height-default elementor-section-height-default\" data-id=\"d5c2096\" data-element_type=\"section\" data-e-type=\"section\">\n\t\t\t\t\t\t<div class=\"elementor-container elementor-column-gap-default\">\n\t\t\t\t\t<div class=\"elementor-column elementor-col-50 elementor-top-column elementor-element elementor-element-980bcc3\" data-id=\"980bcc3\" data-element_type=\"column\" data-e-type=\"column\">\n\t\t\t<div class=\"elementor-widget-wrap elementor-element-populated\">\n\t\t\t\t\t\t<div class=\"elementor-element elementor-element-7c3e485 elementor-widget elementor-widget-heading\" data-id=\"7c3e485\" data-element_type=\"widget\" data-e-type=\"widget\" data-widget_type=\"heading.default\">\n\t\t\t\t<div class=\"elementor-widget-container\">\n\t\t\t\t\t<h2 class=\"elementor-heading-title elementor-size-default\">Martina Illenberger M\u00fchlemann<\/h2>\t\t\t\t<\/div>\n\t\t\t\t<\/div>\n\t\t\t\t<div class=\"elementor-element elementor-element-75d2ca1 elementor-widget elementor-widget-text-editor\" data-id=\"75d2ca1\" data-element_type=\"widget\" data-e-type=\"widget\" data-widget_type=\"text-editor.default\">\n\t\t\t\t<div class=\"elementor-widget-container\">\n\t\t\t\t\t\t\t\t\t<div>Mit mir kannst du eintauchen in die ganz besondere Welt der unterst\u00fctzten Kommunikation: Ich bef\u00e4hige Menschen und ganze Teams, mit Menschen zu kommunizieren, die es auf den ersten Blick vielleicht nicht k\u00f6nnen.<\/div><div>Ich zeige dir, wie du Wege findest, Kommunikation zu erm\u00f6glichen und kreative Wege dahin zu erarbeiten.<br \/>Die gr\u00f6sste Herausforderung bei der Gestaltung einer Kultur der Kommunikation, die niemanden benachteiligt, sind Barrieren in den K\u00f6pfen von Menschen: Ich kann dir zeigen, wie eine solche Kultur in einer Institution, einem Team etc. implementiert werden kann.<\/div>\t\t\t\t\t\t\t\t<\/div>\n\t\t\t\t<\/div>\n\t\t\t\t\t<\/div>\n\t\t<\/div>\n\t\t\t\t<div class=\"elementor-column elementor-col-50 elementor-top-column elementor-element elementor-element-421ea94\" data-id=\"421ea94\" data-element_type=\"column\" data-e-type=\"column\">\n\t\t\t<div class=\"elementor-widget-wrap elementor-element-populated\">\n\t\t\t\t\t\t<div class=\"elementor-element elementor-element-af1071c elementor-widget elementor-widget-image\" data-id=\"af1071c\" data-element_type=\"widget\" data-e-type=\"widget\" data-widget_type=\"image.default\">\n\t\t\t\t<div class=\"elementor-widget-container\">\n\t\t\t\t\t\t\t\t\t\t\t\t\t\t\t<img decoding=\"async\" width=\"300\" height=\"420\" src=\"https:\/\/www.moeglichraum.ch\/wp-content\/uploads\/2024\/09\/Muehlemann-Martina-15-300x420.jpg\" class=\"attachment-responsive-300 size-responsive-300 wp-image-1242\" alt=\"\" srcset=\"https:\/\/www.moeglichraum.ch\/wp-content\/uploads\/2024\/09\/Muehlemann-Martina-15-300x420.jpg 300w, https:\/\/www.moeglichraum.ch\/wp-content\/uploads\/2024\/09\/Muehlemann-Martina-15-214x300.jpg 214w, https:\/\/www.moeglichraum.ch\/wp-content\/uploads\/2024\/09\/Muehlemann-Martina-15-731x1024.jpg 731w, https:\/\/www.moeglichraum.ch\/wp-content\/uploads\/2024\/09\/Muehlemann-Martina-15-768x1075.jpg 768w, https:\/\/www.moeglichraum.ch\/wp-content\/uploads\/2024\/09\/Muehlemann-Martina-15-1097x1536.jpg 1097w, https:\/\/www.moeglichraum.ch\/wp-content\/uploads\/2024\/09\/Muehlemann-Martina-15-1463x2048.jpg 1463w, https:\/\/www.moeglichraum.ch\/wp-content\/uploads\/2024\/09\/Muehlemann-Martina-15-100x140.jpg 100w, https:\/\/www.moeglichraum.ch\/wp-content\/uploads\/2024\/09\/Muehlemann-Martina-15-150x210.jpg 150w, https:\/\/www.moeglichraum.ch\/wp-content\/uploads\/2024\/09\/Muehlemann-Martina-15-200x280.jpg 200w, https:\/\/www.moeglichraum.ch\/wp-content\/uploads\/2024\/09\/Muehlemann-Martina-15-450x630.jpg 450w, https:\/\/www.moeglichraum.ch\/wp-content\/uploads\/2024\/09\/Muehlemann-Martina-15-600x840.jpg 600w, https:\/\/www.moeglichraum.ch\/wp-content\/uploads\/2024\/09\/Muehlemann-Martina-15-900x1260.jpg 900w, https:\/\/www.moeglichraum.ch\/wp-content\/uploads\/2024\/09\/Muehlemann-Martina-15-scaled.jpg 1828w\" sizes=\"(max-width: 300px) 100vw, 300px\" \/>\t\t\t\t\t\t\t\t\t\t\t\t\t\t\t<\/div>\n\t\t\t\t<\/div>\n\t\t\t\t\t<\/div>\n\t\t<\/div>\n\t\t\t\t\t<\/div>\n\t\t<\/section>\n\t\t\t\t<section class=\"elementor-section elementor-top-section elementor-element elementor-element-093a8c0 elementor-section-boxed elementor-section-height-default elementor-section-height-default\" data-id=\"093a8c0\" data-element_type=\"section\" data-e-type=\"section\" data-settings=\"{&quot;background_background&quot;:&quot;classic&quot;}\">\n\t\t\t\t\t\t<div class=\"elementor-container elementor-column-gap-default\">\n\t\t\t\t\t<div class=\"elementor-column elementor-col-50 elementor-top-column elementor-element elementor-element-2cacb09\" data-id=\"2cacb09\" data-element_type=\"column\" data-e-type=\"column\">\n\t\t\t<div class=\"elementor-widget-wrap elementor-element-populated\">\n\t\t\t\t<div class=\"elementor-element elementor-element-29618eb e-flex e-con-boxed e-con e-parent\" data-id=\"29618eb\" data-element_type=\"container\" data-e-type=\"container\">\n\t\t\t\t\t<div class=\"e-con-inner\">\n\t\t\t\t<div class=\"elementor-element elementor-element-4c0d0dc elementor-widget elementor-widget-image\" data-id=\"4c0d0dc\" data-element_type=\"widget\" data-e-type=\"widget\" data-widget_type=\"image.default\">\n\t\t\t\t<div class=\"elementor-widget-container\">\n\t\t\t\t\t\t\t\t\t\t\t\t\t\t\t<img decoding=\"async\" width=\"300\" height=\"375\" src=\"https:\/\/www.moeglichraum.ch\/wp-content\/uploads\/2024\/09\/Kaiser-Urban_Web_DSC_7401-300x375.jpg\" class=\"attachment-responsive-300 size-responsive-300 wp-image-1145\" alt=\"\" srcset=\"https:\/\/www.moeglichraum.ch\/wp-content\/uploads\/2024\/09\/Kaiser-Urban_Web_DSC_7401-300x375.jpg 300w, https:\/\/www.moeglichraum.ch\/wp-content\/uploads\/2024\/09\/Kaiser-Urban_Web_DSC_7401-240x300.jpg 240w, https:\/\/www.moeglichraum.ch\/wp-content\/uploads\/2024\/09\/Kaiser-Urban_Web_DSC_7401-819x1024.jpg 819w, https:\/\/www.moeglichraum.ch\/wp-content\/uploads\/2024\/09\/Kaiser-Urban_Web_DSC_7401-768x960.jpg 768w, https:\/\/www.moeglichraum.ch\/wp-content\/uploads\/2024\/09\/Kaiser-Urban_Web_DSC_7401-100x125.jpg 100w, https:\/\/www.moeglichraum.ch\/wp-content\/uploads\/2024\/09\/Kaiser-Urban_Web_DSC_7401-150x188.jpg 150w, https:\/\/www.moeglichraum.ch\/wp-content\/uploads\/2024\/09\/Kaiser-Urban_Web_DSC_7401-200x250.jpg 200w, https:\/\/www.moeglichraum.ch\/wp-content\/uploads\/2024\/09\/Kaiser-Urban_Web_DSC_7401-450x563.jpg 450w, https:\/\/www.moeglichraum.ch\/wp-content\/uploads\/2024\/09\/Kaiser-Urban_Web_DSC_7401-600x750.jpg 600w, https:\/\/www.moeglichraum.ch\/wp-content\/uploads\/2024\/09\/Kaiser-Urban_Web_DSC_7401-900x1125.jpg 900w, https:\/\/www.moeglichraum.ch\/wp-content\/uploads\/2024\/09\/Kaiser-Urban_Web_DSC_7401.jpg 1200w\" sizes=\"(max-width: 300px) 100vw, 300px\" \/>\t\t\t\t\t\t\t\t\t\t\t\t\t\t\t<\/div>\n\t\t\t\t<\/div>\n\t\t\t\t\t<\/div>\n\t\t\t\t<\/div>\n\t\t\t\t\t<\/div>\n\t\t<\/div>\n\t\t\t\t<div class=\"elementor-column elementor-col-50 elementor-top-column elementor-element elementor-element-6ac052f\" data-id=\"6ac052f\" data-element_type=\"column\" data-e-type=\"column\">\n\t\t\t<div class=\"elementor-widget-wrap elementor-element-populated\">\n\t\t\t\t\t\t<div class=\"elementor-element elementor-element-f5b6fd5 elementor-widget elementor-widget-heading\" data-id=\"f5b6fd5\" data-element_type=\"widget\" data-e-type=\"widget\" data-widget_type=\"heading.default\">\n\t\t\t\t<div class=\"elementor-widget-container\">\n\t\t\t\t\t<h2 class=\"elementor-heading-title elementor-size-default\">Urban Kaiser-Stalder <\/h2>\t\t\t\t<\/div>\n\t\t\t\t<\/div>\n\t\t\t\t<div class=\"elementor-element elementor-element-20bce76 elementor-widget elementor-widget-text-editor\" data-id=\"20bce76\" data-element_type=\"widget\" data-e-type=\"widget\" data-widget_type=\"text-editor.default\">\n\t\t\t\t<div class=\"elementor-widget-container\">\n\t\t\t\t\t\t\t\t\t<p>Mit mir kannst du die Arbeitsumgebung in deinem Betrieb attraktiv gestalten. Du\u00a0bekommst Impulse, von gesundheitsf\u00f6rderlichen Massnahmen, die auf deinen Betrieb\/dein Arbeitsumfeld ausgerichtet\u00a0sind und die in deinem System passend sind.\u00a0Kennt ihr die wichtigsten\u00a0Aspekte des\u00a0betrieblichen Gesundheitsmanagements? F\u00fchrt ihr ein Absenzenmanagement? Kennt dein Betrieb\u00a0gesetzlichen Bestimmungen? Dieses Wissen kann ich Euch einfach vermitteln und mit Hilfe geeigneter Tools f\u00fcr euch praktikabel machen.<\/p>\t\t\t\t\t\t\t\t<\/div>\n\t\t\t\t<\/div>\n\t\t\t\t\t<\/div>\n\t\t<\/div>\n\t\t\t\t\t<\/div>\n\t\t<\/section>\n\t\t\t\t<section class=\"elementor-section elementor-top-section elementor-element elementor-element-4fb0fcf elementor-section-boxed elementor-section-height-default elementor-section-height-default\" data-id=\"4fb0fcf\" data-element_type=\"section\" data-e-type=\"section\">\n\t\t\t\t\t\t<div class=\"elementor-container elementor-column-gap-default\">\n\t\t\t\t\t<div class=\"elementor-column elementor-col-50 elementor-top-column elementor-element elementor-element-47878f3\" data-id=\"47878f3\" data-element_type=\"column\" data-e-type=\"column\">\n\t\t\t<div class=\"elementor-widget-wrap elementor-element-populated\">\n\t\t\t\t\t\t<div class=\"elementor-element elementor-element-6b0e62c elementor-widget elementor-widget-heading\" data-id=\"6b0e62c\" data-element_type=\"widget\" data-e-type=\"widget\" data-widget_type=\"heading.default\">\n\t\t\t\t<div class=\"elementor-widget-container\">\n\t\t\t\t\t<h2 class=\"elementor-heading-title elementor-size-default\">Andreas Illenberger<\/h2>\t\t\t\t<\/div>\n\t\t\t\t<\/div>\n\t\t\t\t<div class=\"elementor-element elementor-element-818f807 elementor-widget elementor-widget-text-editor\" data-id=\"818f807\" data-element_type=\"widget\" data-e-type=\"widget\" data-widget_type=\"text-editor.default\">\n\t\t\t\t<div class=\"elementor-widget-container\">\n\t\t\t\t\t\t\t\t\t<p>Mit mir kannst du Menschen bef\u00e4higen, in komplexen Situationen kompetent und handlungsf\u00e4hig zu bleiben.<\/p><p>Wie sind die Wechselwirkungen zwischen den Menschen in deinem System und welche Optionen hast du, zu handeln?<\/p><p>Zukunftsf\u00e4higes Gestalten bef\u00e4higt Menschen und schlussendlich das gesamte Netzwerk. Wir gehen davon aus, dass wir uns in einem st\u00e4ndigen Entwicklungsprozess befinden. Diese Entwicklung k\u00f6nnen wir nicht unbedingt planen oder steuern. Wir k\u00f6nnen sie jedoch begleiten.<\/p>\t\t\t\t\t\t\t\t<\/div>\n\t\t\t\t<\/div>\n\t\t\t\t\t<\/div>\n\t\t<\/div>\n\t\t\t\t<div class=\"elementor-column elementor-col-50 elementor-top-column elementor-element elementor-element-78d607a\" data-id=\"78d607a\" data-element_type=\"column\" data-e-type=\"column\">\n\t\t\t<div class=\"elementor-widget-wrap elementor-element-populated\">\n\t\t\t\t\t\t<div class=\"elementor-element elementor-element-bd5a8c9 elementor-widget elementor-widget-image\" data-id=\"bd5a8c9\" data-element_type=\"widget\" data-e-type=\"widget\" data-widget_type=\"image.default\">\n\t\t\t\t<div class=\"elementor-widget-container\">\n\t\t\t\t\t\t\t\t\t\t\t\t\t\t\t<img loading=\"lazy\" decoding=\"async\" width=\"300\" height=\"400\" src=\"https:\/\/www.moeglichraum.ch\/wp-content\/uploads\/2024\/09\/Andreas-Illenberger-300x400.jpg\" class=\"attachment-responsive-300 size-responsive-300 wp-image-1146\" alt=\"\" srcset=\"https:\/\/www.moeglichraum.ch\/wp-content\/uploads\/2024\/09\/Andreas-Illenberger-300x400.jpg 300w, https:\/\/www.moeglichraum.ch\/wp-content\/uploads\/2024\/09\/Andreas-Illenberger-225x300.jpg 225w, https:\/\/www.moeglichraum.ch\/wp-content\/uploads\/2024\/09\/Andreas-Illenberger-769x1024.jpg 769w, https:\/\/www.moeglichraum.ch\/wp-content\/uploads\/2024\/09\/Andreas-Illenberger-768x1023.jpg 768w, https:\/\/www.moeglichraum.ch\/wp-content\/uploads\/2024\/09\/Andreas-Illenberger-100x133.jpg 100w, https:\/\/www.moeglichraum.ch\/wp-content\/uploads\/2024\/09\/Andreas-Illenberger-150x200.jpg 150w, https:\/\/www.moeglichraum.ch\/wp-content\/uploads\/2024\/09\/Andreas-Illenberger-200x266.jpg 200w, https:\/\/www.moeglichraum.ch\/wp-content\/uploads\/2024\/09\/Andreas-Illenberger-450x599.jpg 450w, https:\/\/www.moeglichraum.ch\/wp-content\/uploads\/2024\/09\/Andreas-Illenberger-600x799.jpg 600w, https:\/\/www.moeglichraum.ch\/wp-content\/uploads\/2024\/09\/Andreas-Illenberger-900x1199.jpg 900w, https:\/\/www.moeglichraum.ch\/wp-content\/uploads\/2024\/09\/Andreas-Illenberger.jpg 1000w\" sizes=\"(max-width: 300px) 100vw, 300px\" \/>\t\t\t\t\t\t\t\t\t\t\t\t\t\t\t<\/div>\n\t\t\t\t<\/div>\n\t\t\t\t\t<\/div>\n\t\t<\/div>\n\t\t\t\t\t<\/div>\n\t\t<\/section>\n\t\t\t\t<section class=\"elementor-section elementor-top-section elementor-element elementor-element-82f32fc elementor-section-boxed elementor-section-height-default elementor-section-height-default\" data-id=\"82f32fc\" data-element_type=\"section\" data-e-type=\"section\" data-settings=\"{&quot;background_background&quot;:&quot;classic&quot;}\">\n\t\t\t\t\t\t<div class=\"elementor-container elementor-column-gap-default\">\n\t\t\t\t\t<div class=\"elementor-column elementor-col-20 elementor-top-column elementor-element elementor-element-aa69d21\" data-id=\"aa69d21\" data-element_type=\"column\" data-e-type=\"column\">\n\t\t\t<div class=\"elementor-widget-wrap elementor-element-populated\">\n\t\t\t\t\t\t<div class=\"elementor-element elementor-element-0c6c183 elementor-mobile-align-center elementor-icon-list--layout-traditional elementor-list-item-link-full_width elementor-widget elementor-widget-icon-list\" data-id=\"0c6c183\" data-element_type=\"widget\" data-e-type=\"widget\" data-widget_type=\"icon-list.default\">\n\t\t\t\t<div class=\"elementor-widget-container\">\n\t\t\t\t\t\t\t<ul class=\"elementor-icon-list-items\">\n\t\t\t\t\t\t\t<li class=\"elementor-icon-list-item\">\n\t\t\t\t\t\t\t\t\t\t<span class=\"elementor-icon-list-text\">info@moeglichraum.ch<\/span>\n\t\t\t\t\t\t\t\t\t<\/li>\n\t\t\t\t\t\t<\/ul>\n\t\t\t\t\t\t<\/div>\n\t\t\t\t<\/div>\n\t\t\t\t\t<\/div>\n\t\t<\/div>\n\t\t\t\t<div class=\"elementor-column elementor-col-20 elementor-top-column elementor-element elementor-element-27c43aa\" data-id=\"27c43aa\" data-element_type=\"column\" data-e-type=\"column\">\n\t\t\t<div class=\"elementor-widget-wrap\">\n\t\t\t\t\t\t\t<\/div>\n\t\t<\/div>\n\t\t\t\t<div class=\"elementor-column elementor-col-20 elementor-top-column elementor-element elementor-element-c4002e5\" data-id=\"c4002e5\" data-element_type=\"column\" data-e-type=\"column\">\n\t\t\t<div class=\"elementor-widget-wrap\">\n\t\t\t\t\t\t\t<\/div>\n\t\t<\/div>\n\t\t\t\t<div class=\"elementor-column elementor-col-20 elementor-top-column elementor-element elementor-element-c0f9afe\" data-id=\"c0f9afe\" data-element_type=\"column\" data-e-type=\"column\">\n\t\t\t<div class=\"elementor-widget-wrap\">\n\t\t\t\t\t\t\t<\/div>\n\t\t<\/div>\n\t\t\t\t<div class=\"elementor-column elementor-col-20 elementor-top-column elementor-element elementor-element-5258e81\" data-id=\"5258e81\" data-element_type=\"column\" data-e-type=\"column\">\n\t\t\t<div class=\"elementor-widget-wrap elementor-element-populated\">\n\t\t\t\t\t\t<div class=\"elementor-element elementor-element-9dbfca3 elementor-mobile-align-center elementor-icon-list--layout-traditional elementor-list-item-link-full_width elementor-widget elementor-widget-icon-list\" data-id=\"9dbfca3\" data-element_type=\"widget\" data-e-type=\"widget\" data-widget_type=\"icon-list.default\">\n\t\t\t\t<div class=\"elementor-widget-container\">\n\t\t\t\t\t\t\t<ul class=\"elementor-icon-list-items\">\n\t\t\t\t\t\t\t<li class=\"elementor-icon-list-item\">\n\t\t\t\t\t\t\t\t\t\t\t<a href=\"#\">\n\n\t\t\t\t\t\t\t\t\t\t\t<span class=\"elementor-icon-list-text\">Datenschutz<\/span>\n\t\t\t\t\t\t\t\t\t\t\t<\/a>\n\t\t\t\t\t\t\t\t\t<\/li>\n\t\t\t\t\t\t\t\t<li class=\"elementor-icon-list-item\">\n\t\t\t\t\t\t\t\t\t\t\t<a href=\"https:\/\/www.moeglichraum.ch\/gmbh\/index.php\/impressum\/\">\n\n\t\t\t\t\t\t\t\t\t\t\t<span class=\"elementor-icon-list-text\">Impressum<\/span>\n\t\t\t\t\t\t\t\t\t\t\t<\/a>\n\t\t\t\t\t\t\t\t\t<\/li>\n\t\t\t\t\t\t<\/ul>\n\t\t\t\t\t\t<\/div>\n\t\t\t\t<\/div>\n\t\t\t\t\t<\/div>\n\t\t<\/div>\n\t\t\t\t\t<\/div>\n\t\t<\/section>\n\t\t\t\t<\/div>\n\t\t","protected":false},"excerpt":{"rendered":"<p>\u00dcber uns Wir stellen uns kurz vor Katja Stalder Kaiser Mit mir kannst du kreative und innovative Impulse erarbeiten und gestalten. Die Bewegung der Menschen und ihre Bed\u00fcrfnisse stehen im Zentrum. Kennt ihr diese voneinander und k\u00f6nnt ihr diese im &hellip;<\/p>\n<p class=\"read-more\"> <a class=\"more-link\" href=\"https:\/\/www.moeglichraum.ch\/index.php\/team\/\"> <span class=\"screen-reader-text\">Team<\/span> Weiterlesen &raquo;<\/a><\/p>\n","protected":false},"author":1,"featured_media":0,"parent":0,"menu_order":0,"comment_status":"closed","ping_status":"closed","template":"elementor_header_footer","meta":{"footnotes":""},"class_list":["post-515","page","type-page","status-publish","hentry"],"featured_image_src":"","featured_image_src_square":false,"rbea_author_info":{"display_name":"Andreas","author_link":"https:\/\/www.moeglichraum.ch\/index.php\/author\/admin\/"},"rbea_excerpt_info":"\u00dcber uns Wir stellen uns kurz vor Katja Stalder Kaiser Mit mir kannst du kreative und innovative Impulse erarbeiten und gestalten. Die Bewegung der Menschen und ihre Bed\u00fcrfnisse stehen im Zentrum. Kennt ihr diese voneinander und k\u00f6nnt ihr diese im &hellip;<p class=\"read-more\"> <a class=\"more-link\" href=\"https:\/\/www.moeglichraum.ch\/index.php\/team\/\"> <span class=\"screen-reader-text\">Team<\/span> Weiterlesen &raquo;<\/a><\/p>","_links":{"self":[{"href":"https:\/\/www.moeglichraum.ch\/index.php\/wp-json\/wp\/v2\/pages\/515","targetHints":{"allow":["GET"]}}],"collection":[{"href":"https:\/\/www.moeglichraum.ch\/index.php\/wp-json\/wp\/v2\/pages"}],"about":[{"href":"https:\/\/www.moeglichraum.ch\/index.php\/wp-json\/wp\/v2\/types\/page"}],"author":[{"embeddable":true,"href":"https:\/\/www.moeglichraum.ch\/index.php\/wp-json\/wp\/v2\/users\/1"}],"replies":[{"embeddable":true,"href":"https:\/\/www.moeglichraum.ch\/index.php\/wp-json\/wp\/v2\/comments?post=515"}],"version-history":[{"count":28,"href":"https:\/\/www.moeglichraum.ch\/index.php\/wp-json\/wp\/v2\/pages\/515\/revisions"}],"predecessor-version":[{"id":1327,"href":"https:\/\/www.moeglichraum.ch\/index.php\/wp-json\/wp\/v2\/pages\/515\/revisions\/1327"}],"wp:attachment":[{"href":"https:\/\/www.moeglichraum.ch\/index.php\/wp-json\/wp\/v2\/media?parent=515"}],"curies":[{"name":"wp","href":"https:\/\/api.w.org\/{rel}","templated":true}]}}